{"id":378,"date":"2022-04-01T14:52:14","date_gmt":"2022-04-01T12:52:14","guid":{"rendered":"https:\/\/www.anwalt-do.de\/?page_id=378"},"modified":"2022-04-01T15:07:59","modified_gmt":"2022-04-01T13:07:59","slug":"impressum","status":"publish","type":"page","link":"https:\/\/www.anwalt-do.de\/?page_id=378","title":{"rendered":"Impressum"},"content":{"rendered":"<p><span style=\"font-family: verdana, geneva, sans-serif;\">IMPRESSUM:<\/span><\/p>\n<p><span style=\"font-family: verdana, geneva, sans-serif;\">HINNE LYNDIAN GRABOWSKI<\/span><br \/>\n<span style=\"font-family: verdana, geneva, sans-serif;\">Rechtsanw\u00e4lte Fachanw\u00e4lte Steuerberater<\/span><br \/>\n<span style=\"font-family: verdana, geneva, sans-serif;\">Berufstr\u00e4ger:<\/span><br \/>\n<span style=\"font-family: verdana, geneva, sans-serif;\">Dirk Hinne, Rechtsanwalt und Fachanwalt f\u00fcr Medizinrecht, Sozialrecht und Versicherungsrecht<\/span><br \/>\n<span style=\"font-family: verdana, geneva, sans-serif;\">Henriette Lyndian, Rechtsanw\u00e4ltin und Fachanw\u00e4ltin f\u00fcr Strafrecht<\/span><br \/>\n<span style=\"font-family: verdana, geneva, sans-serif;\">Thomas Grabowski, Rechtsanwalt und Steuerberater<\/span><\/p>\n<p><span style=\"font-family: verdana, geneva, sans-serif;\">B\u00fcro Dortmund: Hohe Stra\u00dfe 7, 44139 Dortmund<\/span><br \/>\n<span style=\"font-family: verdana, geneva, sans-serif;\">Telefon: +49 (0)231-1844-0<\/span><br \/>\n<span style=\"font-family: verdana, geneva, sans-serif;\">info@anwalt-do.de<\/span><br \/>\n<span style=\"font-family: verdana, geneva, sans-serif;\">B\u00fcro L\u00fcnen: Ahornstra\u00dfe 13e, 44534 L\u00fcnen<\/span><br \/>\n<span style=\"font-family: verdana, geneva, sans-serif;\">Telefon: +49 (0)2306-202800<\/span><br \/>\n<span style=\"font-family: verdana, geneva, sans-serif;\">Internet: www.anwalt-do.de<\/span><\/p>\n<p><span style=\"font-family: verdana, geneva, sans-serif;\">Zust\u00e4ndige Aufsichtsbeh\u00f6rde: Rechtsanwaltskammer Hamm, Ostenallee 18, 59063 Hamm, Westf.<\/span><br \/>\n<span style=\"font-family: verdana, geneva, sans-serif;\">Zust\u00e4ndige Kammer: Rechtsanwaltskammer Hamm, Ostenallee 18, 59063 Hamm, Westf., Telefon: 02381\/985000, Email: info@rak-hamm.de, www.rak-hamm.de<\/span><br \/>\n<span style=\"font-family: verdana, geneva, sans-serif;\">Die gesetzliche Berufsbezeichnung Rechtsanwalt \/ Rechtsanw\u00e4ltin \/ Steuerberater wurde verliehen in der Bundesrepublik Deutschland (Nordrhein-Westfalen).<\/span><br \/>\n<span style=\"font-family: verdana, geneva, sans-serif;\">Berufshaftpflichtversicherung : Allianz Versicherungs-AG, 10900 Berlin<\/span><br \/>\n<span style=\"font-family: verdana, geneva, sans-serif;\">Der Berufsstand Rechtsanwalt \/ Rechtsanw\u00e4ltin unterliegt den unter www.brak.de\/fuer-anwaelte\/berufsrecht genannten berufsrechtlichen Regelungen.<\/span><\/p>\n<p><span style=\"font-family: verdana, geneva, sans-serif;\">Beschwerdeverfahren via Online-Streitbeilegung f\u00fcr Verbraucher (OS)<\/span><br \/>\n<span style=\"font-family: verdana, geneva, sans-serif;\">Wir sind nicht bereit und nicht verpflichtet an einem Streitbeilegungsverfahren vor einer Verbraucherschlichtungsstelle teilzunehmen.<\/span><br \/>\n<span style=\"font-family: verdana, geneva, sans-serif;\">Plattform der EU-Kommission zur Online-Streitbeilegung: www.ec.europa.eu\/consumers\/odr<\/span><\/p>\n","protected":false},"excerpt":{"rendered":"<p>IMPRESSUM: HINNE LYNDIAN GRABOWSKI Rechtsanw\u00e4lte Fachanw\u00e4lte Steuerberater Berufstr\u00e4ger: Dirk Hinne, Rechtsanwalt und Fachanwalt f\u00fcr Medizinrecht, Sozialrecht und Versicherungsrecht Henriette Lyndian, Rechtsanw\u00e4ltin und Fachanw\u00e4ltin f\u00fcr Strafrecht Thomas Grabowski, Rechtsanwalt und Steuerberater B\u00fcro Dortmund: Hohe Stra\u00dfe 7, 44139 Dortmund Telefon: +49 (0)231-1844-0 info@anwalt-do.de B\u00fcro L\u00fcnen: Ahornstra\u00dfe 13e, 44534 L\u00fcnen Telefon: +49 (0)2306-202800 [&hellip;]<\/p>\n","protected":false},"author":3,"featured_media":0,"parent":0,"menu_order":0,"comment_status":"closed","ping_status":"closed","template":"","meta":{"footnotes":""},"class_list":["post-378","page","type-page","status-publish","hentry"],"_links":{"self":[{"href":"https:\/\/www.anwalt-do.de\/index.php?rest_route=\/wp\/v2\/pages\/378","targetHints":{"allow":["GET"]}}],"collection":[{"href":"https:\/\/www.anwalt-do.de\/index.php?rest_route=\/wp\/v2\/pages"}],"about":[{"href":"https:\/\/www.anwalt-do.de\/index.php?rest_route=\/wp\/v2\/types\/page"}],"author":[{"embeddable":true,"href":"https:\/\/www.anwalt-do.de\/index.php?rest_route=\/wp\/v2\/users\/3"}],"replies":[{"embeddable":true,"href":"https:\/\/www.anwalt-do.de\/index.php?rest_route=%2Fwp%2Fv2%2Fcomments&post=378"}],"version-history":[{"count":3,"href":"https:\/\/www.anwalt-do.de\/index.php?rest_route=\/wp\/v2\/pages\/378\/revisions"}],"predecessor-version":[{"id":383,"href":"https:\/\/www.anwalt-do.de\/index.php?rest_route=\/wp\/v2\/pages\/378\/revisions\/383"}],"wp:attachment":[{"href":"https:\/\/www.anwalt-do.de\/index.php?rest_route=%2Fwp%2Fv2%2Fmedia&parent=378"}],"curies":[{"name":"wp","href":"https:\/\/api.w.org\/{rel}","templated":true}]}}